{"id":879,"date":"2018-05-15T15:26:21","date_gmt":"2018-05-15T15:26:21","guid":{"rendered":"http:\/\/www.dynatherm.cz\/?page_id=879"},"modified":"2018-08-01T11:46:06","modified_gmt":"2018-08-01T11:46:06","slug":"produkty-dynatherm","status":"publish","type":"page","link":"http:\/\/dynatherm.cz\/?page_id=879","title":{"rendered":"Produkty Dynatherm"},"content":{"rendered":"<\/div><\/div><\/div><!-- close content main div --><\/div><\/div><div id='av_section_1' class='avia-section main_color avia-section-small avia-no-shadow av-section-color-overlay-active avia-bg-style-scroll   container_wrap fullsize'   ><div class='av-section-color-overlay-wrap'><div class='av-section-color-overlay' style='opacity: 1; background-color: #ffffff; '><\/div><div class='container' ><div class='template-page content  av-content-full alpha units'><div class='post-entry post-entry-type-page post-entry-879'><div class='entry-content-wrapper clearfix'>\n<div class='flex_column_table av-equal-height-column-flextable -flextable' ><div class=\"flex_column av_one_full  no_margin flex_column_table_cell av-equal-height-column av-align-top first  \" style='padding:20px; border-radius:0px; '><section class=\"av_textblock_section \"  itemscope=\"itemscope\" itemtype=\"https:\/\/schema.org\/CreativeWork\" ><div class='avia_textblock  av_inherit_color '  style='color:#848484; '  itemprop=\"text\" ><h3>Dynatherm Topn\u00e1 f\u00f3lie<\/h3>\n<p>D\u00edky p\u0159em\u011bn\u011b elektrick\u00e9 energie v teplo umo\u017e\u0148uje spolehliv\u00fd a hospod\u00e1rn\u00fd topn\u00fd syst\u00e9m.<\/p>\n<p>Skl\u00e1d\u00e1 se z tepeln\u011b odoln\u00e9 Polyester-Duplex-F\u00f3lie, kter\u00e1 nepodl\u00e9h\u00e1 prakticky \u017e\u00e1dn\u00e9mu procesu st\u00e1rnut\u00ed. F\u00f3lie slou\u017e\u00ed nejen jako p\u0159enosov\u00fd materi\u00e1l pro paraleln\u00ed zapojen\u00ed topn\u00fdch prou\u017ek\u016f, ale tak\u00e9 jako elektrick\u00e1 izolace.<\/p>\n<p><img loading=\"lazy\" class=\"size-full wp-image-970 aligncenter\" src=\"http:\/\/www.dynatherm.cz\/wp-content\/uploads\/2018\/05\/dynatherm-folie.jpg\" alt=\"F\u00f3lie - pr\u016f\u0159ez\" width=\"895\" height=\"312\" srcset=\"http:\/\/dynatherm.cz\/wp-content\/uploads\/2018\/05\/dynatherm-folie.jpg 895w, http:\/\/dynatherm.cz\/wp-content\/uploads\/2018\/05\/dynatherm-folie-300x105.jpg 300w, http:\/\/dynatherm.cz\/wp-content\/uploads\/2018\/05\/dynatherm-folie-768x268.jpg 768w, http:\/\/dynatherm.cz\/wp-content\/uploads\/2018\/05\/dynatherm-folie-705x246.jpg 705w, http:\/\/dynatherm.cz\/wp-content\/uploads\/2018\/05\/dynatherm-folie-450x157.jpg 450w\" sizes=\"(max-width: 895px) 100vw, 895px\" \/><\/p>\n<p>Pokud dojde k mechanick\u00e9mu po\u0161kozen\u00ed, m\u00e1 topn\u00e1 f\u00f3lie oproti celoplo\u0161n\u011b povrstven\u00fdm tepeln\u00fdm element\u016fm tu v\u00fdhodu, \u017ee v p\u0159\u00edpad\u011b po\u0161kozen\u00ed n\u011bkter\u00e9 \u010d\u00e1sti p\u0159estane h\u0159\u00e1t pouze po\u0161kozen\u00fd topn\u00fd prou\u017eek, zat\u00edmco ostatn\u00ed \u010d\u00e1sti jsou pln\u011b funk\u010dn\u00ed. Dvojitou ochranu p\u0159\u00edvodu proudu zaru\u010duj\u00ed pod\u00e9ln\u011b vedouc\u00ed st\u0159\u00edbrn\u00e9 vodi\u010de zabezpe\u010den\u00e9 p\u0159\u00eddavn\u00fdmi m\u011bd\u011bn\u00fdmi p\u00e1skami.<\/p>\n<p>Dynatherm Topn\u00e1 f\u00f3lie je ur\u010dena jak pro novou v\u00fdstavbu, tak i k rekonstrukci star\u0161\u00edch budov, p\u0159i\u010dem\u017e stavebn\u00ed v\u00fd\u0161ka cel\u00e9ho syst\u00e9mu je n\u00edzk\u00e1 a instalace nen\u00ed komplikovan\u00e1. F\u00f3lie je dod\u00e1v\u00e1na v r\u016fzn\u00fdch v\u00fdkonech, a to mezi 70 a\u017e 160 W\/bm. Dod\u00e1v\u00e1 se zast\u0159i\u017een\u00e1 dle rozm\u011br\u016f a pot\u0159eb u\u017eivatele.<\/p>\n<p>Nap\u011bt\u00ed: 220\/230 Volt<br \/>\nNejni\u017e\u0161\u00ed nap\u011bt\u00ed 12-48 Volt<\/p>\n<p>Zvl\u00e1\u0161tn\u00ed pou\u017eit\u00ed: 110 \/ 400 Volt<br \/>\nTlou\u0161\u0165ka prvku: 0,15 a\u017e 0,5 mm<\/p>\n<\/div><\/section><\/div><\/div><!--close column table wrapper. Autoclose: 1 -->\n\n<\/div><\/div><\/div><!-- close content main div --><\/div><\/div><\/div><div id='av_section_2' class='avia-section main_color avia-section-small avia-no-shadow av-section-color-overlay-active avia-bg-style-scroll   container_wrap fullsize'   ><div class='av-section-color-overlay-wrap'><div class='av-section-color-overlay' style='opacity: 1; background-color: #545454; '><\/div><div class='container' ><div class='template-page content  av-content-full alpha units'><div class='post-entry post-entry-type-page post-entry-879'><div class='entry-content-wrapper clearfix'>\n<div class='flex_column_table av-equal-height-column-flextable -flextable' ><div class=\"flex_column av_one_third  no_margin flex_column_table_cell av-equal-height-column av-align-top first  \" style='padding:20px; border-radius:0px; '><section class=\"av_textblock_section \"  itemscope=\"itemscope\" itemtype=\"https:\/\/schema.org\/CreativeWork\" ><div class='avia_textblock  '  style='font-size:14px; '  itemprop=\"text\" ><p><img loading=\"lazy\" class=\"alignnone size-full wp-image-882\" src=\"http:\/\/www.dynatherm.cz\/wp-content\/uploads\/2018\/05\/diagram-tepelne-pohody.png\" alt=\"Diagram tepeln\u00e9 pohody\" width=\"335\" height=\"362\" srcset=\"http:\/\/dynatherm.cz\/wp-content\/uploads\/2018\/05\/diagram-tepelne-pohody.png 335w, http:\/\/dynatherm.cz\/wp-content\/uploads\/2018\/05\/diagram-tepelne-pohody-278x300.png 278w\" sizes=\"(max-width: 335px) 100vw, 335px\" \/><\/p>\n<\/div><\/section><\/div><\/div><!--close column table wrapper. Autoclose: 1 --><div class='flex_column_table av-equal-height-column-flextable -flextable' ><div class=\"flex_column av_two_third  no_margin flex_column_table_cell av-equal-height-column av-align-top   \" style='padding:20px; border-radius:0px; '><section class=\"av_textblock_section \"  itemscope=\"itemscope\" itemtype=\"https:\/\/schema.org\/CreativeWork\" ><div class='avia_textblock  '  style='font-size:14px; '  itemprop=\"text\" ><h3 class=\"text cf design-01\">Diagram tepeln\u00e9 pohody<\/h3>\n<div>\n<p>Zde popisovan\u00e9 plo\u0161n\u00e9 topn\u00e9 syst\u00e9my pat\u0159\u00ed mezi velkoplo\u0161n\u00e1 n\u00edzkoteplotn\u00ed vyt\u00e1p\u011bn\u00ed vyd\u00e1vaj\u00edc\u00ed teplo rovnom\u011brn\u011b do prostoru.<\/p>\n<p>Oproti konven\u010dn\u00edmu plynov\u00e9mu nebo horkovodn\u00edmu vyt\u00e1p\u011bn\u00ed, kde radi\u00e1tory zp\u016fsobuj\u00ed vysok\u00e9 teplotn\u00ed rozd\u00edly v m\u00edstnosti a t\u00edm i pohyb vzduchu, vyza\u0159uje toto vyt\u00e1p\u011bn\u00ed m\u00edrn\u00e9 a p\u0159\u00edjemn\u00e9 teplo s n\u00edzk\u00fdmi teplotn\u00edmi rozd\u00edly mezi podlahou nebo plochou stropu a vzduchem v m\u00edstnosti. T\u00edm vznik\u00e1 pohodov\u00e9 pokojov\u00e9 klima.<\/p>\n<p>U konve\u010dn\u00edho plynov\u00e9ho nebo horkovodn\u00edho vyt\u00e1p\u011bn\u00ed radi\u00e1tory zap\u0159\u00ed\u010di\u0148uj\u00ed vysok\u00e9 teplotn\u00ed rozd\u00edly v m\u00edstnosti, a t\u00edm zp\u016fsobuj\u00ed pohyb vzduchu. Z tohoto d\u016fvodu doch\u00e1z\u00ed k rozv\u00ed\u0159en\u00ed prachov\u00fdch \u010d\u00e1stic a nelze tedy dos\u00e1hnout pohodov\u00e9 pokojov\u00e9 teploty.Oproti tomu f\u00f3liov\u00e9 podlahov\u00e9 vyt\u00e1p\u011bn\u00ed zaru\u010duje homogenn\u00ed teploty, kter\u00e9 nezp\u016fsobuj\u00ed siln\u00e9 proud\u011bn\u00ed vzduchu v m\u00edstnostech.<\/p>\n<\/div>\n<\/div><\/section><\/div><\/div><!--close column table wrapper. Autoclose: 1 -->\n\n<\/div><\/div><\/div><!-- close content main div --><\/div><\/div><\/div><div id='av_section_3' class='avia-section main_color avia-section-small avia-no-shadow av-section-color-overlay-active avia-bg-style-scroll   container_wrap fullsize'   ><div class='av-section-color-overlay-wrap'><div class='av-section-color-overlay' style='opacity: 0.3; background-image: url(http:\/\/www.dynatherm.cz\/wp-content\/uploads\/2018\/03\/podklad02.jpg); background-repeat: repeat;'><\/div><div class='container' ><div class='template-page content  av-content-full alpha units'><div class='post-entry post-entry-type-page post-entry-879'><div class='entry-content-wrapper clearfix'>\n<div class='flex_column_table av-equal-height-column-flextable -flextable' ><div class=\"flex_column av_two_third  no_margin flex_column_table_cell av-equal-height-column av-align-top first  \" style='padding:20px; border-radius:0px; '><section class=\"av_textblock_section \"  itemscope=\"itemscope\" itemtype=\"https:\/\/schema.org\/CreativeWork\" ><div class='avia_textblock  '   itemprop=\"text\" ><h3>Nejp\u0159\u00edjemn\u011bj\u0161\u00ed pokojov\u00e1 teplota<\/h3>\n<p>Plo\u0161n\u00e9 vyt\u00e1p\u011bn\u00ed spl\u0148uje optim\u00e1ln\u00ed termick\u00e9 podm\u00ednky prost\u0159ed\u00ed vhodn\u00e9ho pro p\u0159\u00edjemn\u00e9 bydlen\u00ed a efektivn\u00ed pr\u00e1ci.Z\u00e1rove\u0148 vytv\u00e1\u0159\u00ed ide\u00e1ln\u00ed teplotn\u00ed profil. Pokojov\u00e1 teplota je rovnom\u011brn\u00e1. Ve v\u00fd\u0161i hlavy je teplota o trochu ni\u017e\u0161\u00ed ne\u017e v oblasti podlahy.<\/p>\n<p>Mimoto m\u00e1 minim\u00e1ln\u00ed cirkulace vzduchu a vyrovnan\u00e9 pokojov\u00e9 klima tu v\u00fdhodu, \u017ee zamezuj\u00ed pohybu prachu v m\u00edstnosti.<\/p>\n<h3>Vysok\u00e1 hospod\u00e1rnost<\/h3>\n<p>&#8222;Proud nen\u00ed vhodn\u00fd k vyt\u00e1p\u011bn\u00ed&#8220; prohla\u0161uje \u0161iroce zn\u00e1m\u00fd p\u0159edsudek. Ale to, \u017ee uhl\u00ed, odprad\u00e1vna nejv\u00fdznamn\u011bj\u0161\u00ed zdroj energie, slou\u017e\u00ed z v\u011bt\u0161\u00ed \u010d\u00e1sti k v\u00fdrob\u011b elektrick\u00e9ho proudu, si uv\u011bdomuje jen m\u00e1lokdo. Dal\u0161\u00edm faktem je, \u017ee i u konve\u010dn\u00edho teplovodn\u00edho vyt\u00e1p\u011bn\u00ed se vyu\u017e\u00edv\u00e1 elektrick\u00e9ho proudu k \u0159\u00edzen\u00ed syst\u00e9mu nebo pohonu \u010derpadel.DYNATHERM Topn\u00e1 f\u00f3lie dok\u00e1\u017ee vyu\u017e\u00edt v\u00fdkyv\u016f funkc\u00ed. Vyu\u017e\u00edv\u00e1 tzv. z\u00e1t\u011b\u017e\u00ed elektr\u00e1ren, tzn. \u017ee pracuje v \u010dase, kdy nen\u00ed pr\u016fmysl zat\u00ed\u017een nejv\u011bt\u0161\u00ed kapacitou.<\/p>\n<\/div><\/section><\/div><\/div><!--close column table wrapper. Autoclose: 1 --><div class='flex_column_table av-equal-height-column-flextable -flextable' ><div class=\"flex_column av_one_third  no_margin flex_column_table_cell av-equal-height-column av-align-top   \" style='padding:20px; border-radius:0px; '><section class=\"av_textblock_section \"  itemscope=\"itemscope\" itemtype=\"https:\/\/schema.org\/CreativeWork\" ><div class='avia_textblock  '   itemprop=\"text\" ><p><img loading=\"lazy\" class=\"alignnone size-full wp-image-884\" src=\"http:\/\/www.dynatherm.cz\/wp-content\/uploads\/2018\/05\/nejprijemnejsi-teplota.jpg\" alt=\"Diagram nejp\u0159\u00edjemn\u011bj\u0161\u00ed teploty\" width=\"335\" height=\"362\" srcset=\"http:\/\/dynatherm.cz\/wp-content\/uploads\/2018\/05\/nejprijemnejsi-teplota.jpg 335w, http:\/\/dynatherm.cz\/wp-content\/uploads\/2018\/05\/nejprijemnejsi-teplota-278x300.jpg 278w\" sizes=\"(max-width: 335px) 100vw, 335px\" \/><\/p>\n<\/div><\/section><\/div><\/div><!--close column table wrapper. Autoclose: 1 -->\n\n<\/div><\/div><\/div><!-- close content main div --><\/div><\/div><\/div><div id='av_section_4' class='avia-section main_color avia-section-small avia-no-shadow av-section-color-overlay-active avia-bg-style-scroll   container_wrap fullsize'   ><div class='av-section-color-overlay-wrap'><div class='av-section-color-overlay' style='opacity: 1; background-color: #ffffff; '><\/div><div class='container' ><div class='template-page content  av-content-full alpha units'><div class='post-entry post-entry-type-page post-entry-879'><div class='entry-content-wrapper clearfix'>\n<div class='flex_column_table av-equal-height-column-flextable -flextable' ><div class=\"flex_column av_one_full  no_margin flex_column_table_cell av-equal-height-column av-align-top first  \" style='padding:20px; border-radius:0px; '><section class=\"av_textblock_section \"  itemscope=\"itemscope\" itemtype=\"https:\/\/schema.org\/CreativeWork\" ><div class='avia_textblock  av_inherit_color '  style='font-size:14px; color:#ed7f23; '  itemprop=\"text\" ><p><img loading=\"lazy\" class=\"wp-image-891 alignright\" src=\"http:\/\/www.dynatherm.cz\/wp-content\/uploads\/2018\/05\/rodina.jpg\" alt=\"\" width=\"551\" height=\"392\" srcset=\"http:\/\/dynatherm.cz\/wp-content\/uploads\/2018\/05\/rodina.jpg 820w, http:\/\/dynatherm.cz\/wp-content\/uploads\/2018\/05\/rodina-300x214.jpg 300w, http:\/\/dynatherm.cz\/wp-content\/uploads\/2018\/05\/rodina-768x547.jpg 768w, http:\/\/dynatherm.cz\/wp-content\/uploads\/2018\/05\/rodina-260x185.jpg 260w, http:\/\/dynatherm.cz\/wp-content\/uploads\/2018\/05\/rodina-705x502.jpg 705w, http:\/\/dynatherm.cz\/wp-content\/uploads\/2018\/05\/rodina-450x320.jpg 450w\" sizes=\"(max-width: 551px) 100vw, 551px\" \/><\/p>\n<h3>V\u00fdhody syst\u00e9mu Dynatherm<\/h3>\n<p>Dynatherm plo\u0161n\u00fd topn\u00fd syst\u00e9m nab\u00edz\u00ed u\u017eivateli mnoho v\u00fdhod oproti konve\u010dn\u00edm topn\u00fdm metod\u00e1m, kter\u00e9 pro sv\u00e9 vysok\u00e9 tepeln\u00e9 ztr\u00e1ty pracuj\u00ed \u010dasto nehospod\u00e1rn\u011b.<\/p>\n<ul>\n<li>Pl\u00e1nov\u00e1n\u00ed podle individu\u00e1ln\u00edch pot\u0159eb a p\u0159izp\u016fsoben\u00ed se prostoru<\/li>\n<li>Dod\u00e1vka podle po\u017eadovan\u00e9ho v\u00fdkonu<\/li>\n<li>Termostaty umo\u017e\u0148uj\u00ed rychl\u00e9 a c\u00edlen\u00e9 \u0159\u00edzen\u00ed teploty v ka\u017ed\u00e9 m\u00edstnosti<\/li>\n<li>Umo\u017e\u0148uje kombinaci se st\u00e1vaj\u00edc\u00edm vyt\u00e1p\u011bn\u00edm<\/li>\n<li>Odpad\u00e1 pou\u017eit\u00ed radi\u00e1tor\u016f &#8211; v\u00edce estetiky a voln\u00e9ho m\u00edsta v pokoji<\/li>\n<li>P\u0159esn\u00e9 zji\u0161t\u011bn\u00ed n\u00e1klad\u016f na vyt\u00e1p\u011bn\u00ed p\u0159es elektrom\u011br<\/li>\n<li>Pou\u017eiteln\u00fd u v\u0161ech b\u011b\u017en\u00fdch podlahov\u00fdch krytin<\/li>\n<li>Ide\u00e1ln\u00ed pro kr\u00e1tkodob\u011b vyu\u017e\u00edvan\u00e9 prostory (kostely, chaty, sportovn\u00ed haly)<\/li>\n<li>Pou\u017eiteln\u00fd ve speci\u00e1ln\u00edch oblastech (v\u00fdb\u011bhy, ter\u00e1ria, akv\u00e1ria)<\/li>\n<li>Zabra\u0148uje tvo\u0159en\u00ed n\u00e1mraz na venkovn\u00edch ploch\u00e1ch (mosty, l\u00e1vky, parkovi\u0161t\u011b, vjezdy)<\/li>\n<li>\u017d\u00e1dn\u00e9 mechanick\u00e9 opot\u0159eben\u00ed nebo koroze, a t\u00edm nulov\u00e9 n\u00e1klady na \u00fadr\u017ebu (\u010di\u0161t\u011bn\u00ed kom\u00edna, m\u011b\u0159en\u00ed emis\u00ed, v\u00fdm\u011bna ho\u0159\u00e1k\u016f)<\/li>\n<\/ul>\n<p><img loading=\"lazy\" class=\"size-full wp-image-954 aligncenter\" src=\"http:\/\/www.dynatherm.cz\/wp-content\/uploads\/2018\/05\/dynatherm-f.jpg\" alt=\"vyt\u00e1p\u011bn\u00ed podlahov\u00e9\" width=\"1310\" height=\"227\" srcset=\"http:\/\/dynatherm.cz\/wp-content\/uploads\/2018\/05\/dynatherm-f.jpg 1310w, http:\/\/dynatherm.cz\/wp-content\/uploads\/2018\/05\/dynatherm-f-300x52.jpg 300w, http:\/\/dynatherm.cz\/wp-content\/uploads\/2018\/05\/dynatherm-f-768x133.jpg 768w, http:\/\/dynatherm.cz\/wp-content\/uploads\/2018\/05\/dynatherm-f-1030x178.jpg 1030w, http:\/\/dynatherm.cz\/wp-content\/uploads\/2018\/05\/dynatherm-f-705x122.jpg 705w, http:\/\/dynatherm.cz\/wp-content\/uploads\/2018\/05\/dynatherm-f-450x78.jpg 450w\" sizes=\"(max-width: 1310px) 100vw, 1310px\" \/><\/p>\n<\/div><\/section><\/div><\/div><!--close column table wrapper. Autoclose: 1 -->\n\n<\/div><\/div><\/div><!-- close content main div --><\/div><\/div><\/div><div id='av_section_5' class='avia-section main_color avia-section-small avia-no-shadow av-section-color-overlay-active avia-bg-style-scroll   container_wrap fullsize'   ><div class='av-section-color-overlay-wrap'><div class='av-section-color-overlay' style='opacity: 0.5; background-color: #000000; background-image: url(http:\/\/www.dynatherm.cz\/wp-content\/uploads\/2018\/04\/podklad05.jpg); background-repeat: repeat;'><\/div><div class='container' ><div class='template-page content  av-content-full alpha units'><div class='post-entry post-entry-type-page post-entry-879'><div class='entry-content-wrapper clearfix'>\n<\/div><\/div><\/div><!-- close content main div --><\/div><\/div><\/div><div id='av_section_6' class='avia-section main_color avia-section-small avia-no-shadow av-section-color-overlay-active avia-bg-style-scroll   container_wrap fullsize'   ><div class='av-section-color-overlay-wrap'><div class='av-section-color-overlay' style='opacity: 1; background-color: #020202; '><\/div><div class='container' ><div class='template-page content  av-content-full alpha units'><div class='post-entry post-entry-type-page post-entry-879'><div class='entry-content-wrapper clearfix'>\n<div class='flex_column_table av-equal-height-column-flextable -flextable' ><div class=\"flex_column av_one_fifth  no_margin flex_column_table_cell av-equal-height-column av-align-top first  \" style='padding:20px; border-radius:0px; '><\/div><\/div><!--close column table wrapper. Autoclose: 1 --><div class='flex_column_table av-equal-height-column-flextable -flextable' ><div class=\"flex_column av_three_fifth  no_margin flex_column_table_cell av-equal-height-column av-align-top   \" style='padding:20px; border-radius:0px; '><form action=\"http:\/\/dynatherm.cz\/?page_id=879\" method=\"post\"  class=\"avia_ajax_form av-form-labels-visible    \" data-avia-form-id=\"1\" data-avia-redirect=''><fieldset><h3>Cenov\u00e1 kalkulace Dynatherm:<\/h3><p class=' first_form  form_element form_element_third' id='element_avia_1_1'><label for=\"avia_1_1\">Va\u0161e jm\u00e9no<\/label> <input name=\"avia_1_1\" class=\"text_input \" type=\"text\" id=\"avia_1_1\" value=\"\" \/><\/p><p class=' form_element form_element_third' id='element_avia_2_1'><label for=\"avia_2_1\">E-Mail <abbr class=\"required\" title=\"required\">*<\/abbr><\/label> <input name=\"avia_2_1\" class=\"text_input is_email\" type=\"text\" id=\"avia_2_1\" value=\"\" \/><\/p><p class=' form_element form_element_third' id='element_avia_3_1'><label for=\"avia_3_1\">Telefon <abbr class=\"required\" title=\"required\">*<\/abbr><\/label> <input name=\"avia_3_1\" class=\"text_input is_phone\" type=\"text\" id=\"avia_3_1\" value=\"\" \/><\/p><p class=' first_form  form_element form_element_fourth' id='element_avia_4_1'><label for=\"avia_4_1\">V\u00fdm\u011bra podlahy v m2<\/label> <input name=\"avia_4_1\" class=\"text_input \" type=\"text\" id=\"avia_4_1\" value=\"\" \/><\/p><p class=' form_element form_element_three_fourth av-last-visible-form-element' id='element_avia_5_1'>\t <label for=\"avia_5_1\" class=\"textare_label hidden textare_label_avia_5_1\">Dopl\u0148uj\u00edc\u00ed informace<\/label>\t <textarea  name=\"avia_5_1\" class=\"text_area \" cols=\"40\" rows=\"7\" id=\"avia_5_1\" ><\/textarea><\/p><p class=\"hidden\"><input type=\"text\" name=\"avia_6_1\" class=\"hidden \" id=\"avia_6_1\" value=\"\" \/><\/p><p class=\"form_element \"><input type=\"hidden\" value=\"1\" name=\"avia_generated_form1\" \/><input type=\"submit\" value=\"Odeslat\" class=\"button\"  data-sending-label=\"Sending\"\/><\/p><\/fieldset><\/form><div id=\"ajaxresponse_1\" class=\"ajaxresponse ajaxresponse_1 hidden\"><\/div><\/div><\/div><!--close column table wrapper. Autoclose: 1 --><div class='flex_column_table av-equal-height-column-flextable -flextable' ><div class=\"flex_column av_one_fifth  no_margin flex_column_table_cell av-equal-height-column av-align-top   \" style='padding:20px; border-radius:0px; '><\/div><\/div><!--close column table wrapper. Autoclose: 1 -->\n\n","protected":false},"excerpt":{"rendered":"","protected":false},"author":1,"featured_media":0,"parent":0,"menu_order":0,"comment_status":"closed","ping_status":"closed","template":"","meta":[],"_links":{"self":[{"href":"http:\/\/dynatherm.cz\/index.php?rest_route=\/wp\/v2\/pages\/879"}],"collection":[{"href":"http:\/\/dynatherm.cz\/index.php?rest_route=\/wp\/v2\/pages"}],"about":[{"href":"http:\/\/dynatherm.cz\/index.php?rest_route=\/wp\/v2\/types\/page"}],"author":[{"embeddable":true,"href":"http:\/\/dynatherm.cz\/index.php?rest_route=\/wp\/v2\/users\/1"}],"replies":[{"embeddable":true,"href":"http:\/\/dynatherm.cz\/index.php?rest_route=%2Fwp%2Fv2%2Fcomments&post=879"}],"version-history":[{"count":15,"href":"http:\/\/dynatherm.cz\/index.php?rest_route=\/wp\/v2\/pages\/879\/revisions"}],"predecessor-version":[{"id":987,"href":"http:\/\/dynatherm.cz\/index.php?rest_route=\/wp\/v2\/pages\/879\/revisions\/987"}],"wp:attachment":[{"href":"http:\/\/dynatherm.cz\/index.php?rest_route=%2Fwp%2Fv2%2Fmedia&parent=879"}],"curies":[{"name":"wp","href":"https:\/\/api.w.org\/{rel}","templated":true}]}}