{"id":923,"date":"2018-05-16T08:29:39","date_gmt":"2018-05-16T08:29:39","guid":{"rendered":"http:\/\/www.dynatherm.cz\/?page_id=923"},"modified":"2018-08-01T11:43:57","modified_gmt":"2018-08-01T11:43:57","slug":"instalace","status":"publish","type":"page","link":"http:\/\/dynatherm.cz\/?page_id=923","title":{"rendered":"Instalace"},"content":{"rendered":"<\/div><\/div><\/div><!-- close content main div --><\/div><\/div><div id='av_section_1' class='avia-section main_color avia-section-small avia-no-shadow av-section-color-overlay-active avia-bg-style-scroll   container_wrap fullsize'   ><div class='av-section-color-overlay-wrap'><div class='av-section-color-overlay' style='opacity: 1; background-color: #ffffff; '><\/div><div class='container' ><div class='template-page content  av-content-full alpha units'><div class='post-entry post-entry-type-page post-entry-923'><div class='entry-content-wrapper clearfix'>\n<section class=\"av_textblock_section \"  itemscope=\"itemscope\" itemtype=\"https:\/\/schema.org\/CreativeWork\" ><div class='avia_textblock  av_inherit_color '  style='color:#7f7f7f; '  itemprop=\"text\" ><h3>Postup p\u0159i mont\u00e1\u017ei topn\u00e9ho syst\u00e9mu Dynatherm:<span id=\"result_box\" class=\"\" lang=\"cs\"><\/span><span id=\"result_box\" class=\"\" lang=\"cs\"><\/span><\/h3>\n<\/div><\/section>\n<div class='flex_column_table av-equal-height-column-flextable -flextable' ><div class=\"flex_column av_one_third  no_margin flex_column_table_cell av-equal-height-column av-align-top first  \" style='padding:20px; border-radius:0px; '><section class=\"av_textblock_section \"  itemscope=\"itemscope\" itemtype=\"https:\/\/schema.org\/CreativeWork\" ><div class='avia_textblock  av_inherit_color '  style='color:#7f7f7f; '  itemprop=\"text\" ><p>1 &#8211; N\u00e1kres pl\u00e1nu pokl\u00e1dky<\/p>\n<p><img loading=\"lazy\" class=\"size-full wp-image-958 aligncenter\" src=\"http:\/\/www.dynatherm.cz\/wp-content\/uploads\/2018\/05\/inst01.jpg\" alt=\"postup instalace 1\" width=\"268\" height=\"200\" \/><\/p>\n<\/div><\/section><\/div><\/div><!--close column table wrapper. Autoclose: 1 --><div class='flex_column_table av-equal-height-column-flextable -flextable' ><div class=\"flex_column av_one_third  no_margin flex_column_table_cell av-equal-height-column av-align-top   \" style='padding:20px; border-radius:0px; '><section class=\"av_textblock_section \"  itemscope=\"itemscope\" itemtype=\"https:\/\/schema.org\/CreativeWork\" ><div class='avia_textblock  av_inherit_color '  style='color:#7f7f7f; '  itemprop=\"text\" ><p>2 &#8211; <span id=\"result_box\" class=\"\" lang=\"cs\"><span class=\"\">Pokl\u00e1dka izola\u010dn\u00edho materi\u00e1lu<\/span><\/span><\/p>\n<p><img loading=\"lazy\" class=\"size-full wp-image-959 aligncenter\" src=\"http:\/\/www.dynatherm.cz\/wp-content\/uploads\/2018\/05\/inst02.jpg\" alt=\"postup instalace 2\" width=\"268\" height=\"200\" \/><\/p>\n<\/div><\/section><\/div><\/div><!--close column table wrapper. Autoclose: 1 --><div class='flex_column_table av-equal-height-column-flextable -flextable' ><div class=\"flex_column av_one_third  no_margin flex_column_table_cell av-equal-height-column av-align-top   \" style='padding:20px; border-radius:0px; '><section class=\"av_textblock_section \"  itemscope=\"itemscope\" itemtype=\"https:\/\/schema.org\/CreativeWork\" ><div class='avia_textblock  av_inherit_color '  style='color:#7f7f7f; '  itemprop=\"text\" ><p>3 &#8211; I<span id=\"result_box\" class=\"\" lang=\"cs\"><span class=\"\">nstalace topn\u00e9 f\u00f3lie Dynatherm<\/span><\/span><\/p>\n<p><img loading=\"lazy\" class=\"size-full wp-image-960 aligncenter\" src=\"http:\/\/www.dynatherm.cz\/wp-content\/uploads\/2018\/05\/inst03.jpg\" alt=\"postup instalace 3\" width=\"268\" height=\"200\" \/><\/p>\n<\/div><\/section><\/div><\/div><!--close column table wrapper. Autoclose: 1 --><div class='flex_column_table av-equal-height-column-flextable -flextable' ><div class=\"flex_column av_one_third  no_margin flex_column_table_cell av-equal-height-column av-align-top first  \" style='padding:20px; border-radius:0px; '><section class=\"av_textblock_section \"  itemscope=\"itemscope\" itemtype=\"https:\/\/schema.org\/CreativeWork\" ><div class='avia_textblock  av_inherit_color '  style='color:#7f7f7f; '  itemprop=\"text\" ><p>4 &#8211; <span id=\"result_box\" class=\"\" lang=\"cs\"><span class=\"\">P\u0159ipojen\u00ed kompresn\u00ed svorky<br \/>\n<\/span><\/span><\/p>\n<p><img loading=\"lazy\" class=\"size-full wp-image-961 aligncenter\" src=\"http:\/\/www.dynatherm.cz\/wp-content\/uploads\/2018\/05\/inst04.jpg\" alt=\"postup instalace 4\" width=\"268\" height=\"200\" \/><\/p>\n<\/div><\/section><\/div><\/div><!--close column table wrapper. Autoclose: 1 --><div class='flex_column_table av-equal-height-column-flextable -flextable' ><div class=\"flex_column av_one_third  no_margin flex_column_table_cell av-equal-height-column av-align-top   \" style='padding:20px; border-radius:0px; '><section class=\"av_textblock_section \"  itemscope=\"itemscope\" itemtype=\"https:\/\/schema.org\/CreativeWork\" ><div class='avia_textblock  av_inherit_color '  style='color:#7f7f7f; '  itemprop=\"text\" ><p>5 &#8211; P\u0159ipojen\u00ed kabelu<span id=\"result_box\" class=\"\" lang=\"cs\"><\/span><\/p>\n<p><img loading=\"lazy\" class=\"size-full wp-image-962 aligncenter\" src=\"http:\/\/www.dynatherm.cz\/wp-content\/uploads\/2018\/05\/inst05.jpg\" alt=\"postup instalace 5\" width=\"268\" height=\"200\" \/><\/p>\n<\/div><\/section><\/div><\/div><!--close column table wrapper. Autoclose: 1 --><div class='flex_column_table av-equal-height-column-flextable -flextable' ><div class=\"flex_column av_one_third  no_margin flex_column_table_cell av-equal-height-column av-align-top   \" style='padding:20px; border-radius:0px; '><section class=\"av_textblock_section \"  itemscope=\"itemscope\" itemtype=\"https:\/\/schema.org\/CreativeWork\" ><div class='avia_textblock  '   itemprop=\"text\" ><p>6 &#8211; Mont\u00e1\u017e <span id=\"result_box\" class=\"\" lang=\"cs\"><span class=\"\">izolace<\/span><\/span><span id=\"result_box\" class=\"\" lang=\"cs\"><\/span><\/p>\n<p><img loading=\"lazy\" class=\"size-full wp-image-963 aligncenter\" src=\"http:\/\/www.dynatherm.cz\/wp-content\/uploads\/2018\/05\/inst06.jpg\" alt=\"postup instalace 6\" width=\"268\" height=\"200\" \/><\/p>\n<\/div><\/section><\/div><\/div><!--close column table wrapper. Autoclose: 1 --><div class='flex_column_table av-equal-height-column-flextable -flextable' ><div class=\"flex_column av_one_third  no_margin flex_column_table_cell av-equal-height-column av-align-top first  \" style='padding:20px; border-radius:0px; '><section class=\"av_textblock_section \"  itemscope=\"itemscope\" itemtype=\"https:\/\/schema.org\/CreativeWork\" ><div class='avia_textblock  av_inherit_color '  style='color:#7f7f7f; '  itemprop=\"text\" ><p>7 &#8211; Test funk\u010dnosti syst\u00e9mu<span id=\"result_box\" class=\"\" lang=\"cs\"><\/span><span id=\"result_box\" class=\"\" lang=\"cs\"><\/span><\/p>\n<p><img loading=\"lazy\" class=\"size-full wp-image-964 aligncenter\" src=\"http:\/\/www.dynatherm.cz\/wp-content\/uploads\/2018\/05\/inst07.jpg\" alt=\"postup instalace 7\" width=\"268\" height=\"200\" \/><\/p>\n<\/div><\/section><\/div><\/div><!--close column table wrapper. Autoclose: 1 --><div class='flex_column_table av-equal-height-column-flextable -flextable' ><div class=\"flex_column av_one_third  no_margin flex_column_table_cell av-equal-height-column av-align-top   \" style='padding:20px; border-radius:0px; '><section class=\"av_textblock_section \"  itemscope=\"itemscope\" itemtype=\"https:\/\/schema.org\/CreativeWork\" ><div class='avia_textblock  av_inherit_color '  style='color:#7f7f7f; '  itemprop=\"text\" ><p>8 &#8211; Instalace ochrann\u00e9 desky<span id=\"result_box\" class=\"\" lang=\"cs\"><\/span><span id=\"result_box\" class=\"\" lang=\"cs\"><\/span><\/p>\n<p><img loading=\"lazy\" class=\"size-full wp-image-965 aligncenter\" src=\"http:\/\/www.dynatherm.cz\/wp-content\/uploads\/2018\/05\/inst08.jpg\" alt=\"postup instalace 8\" width=\"268\" height=\"200\" \/><\/p>\n<\/div><\/section><\/div><\/div><!--close column table wrapper. Autoclose: 1 --><div class='flex_column_table av-equal-height-column-flextable -flextable' ><div class=\"flex_column av_one_third  no_margin flex_column_table_cell av-equal-height-column av-align-top   \" style='padding:20px; border-radius:0px; '><section class=\"av_textblock_section \"  itemscope=\"itemscope\" itemtype=\"https:\/\/schema.org\/CreativeWork\" ><div class='avia_textblock  av_inherit_color '  style='color:#7f7f7f; '  itemprop=\"text\" ><p>9 &#8211; Pokl\u00e1dka fin\u00e1ln\u00ed podlahy<span id=\"result_box\" class=\"\" lang=\"cs\"><\/span><span id=\"result_box\" class=\"\" lang=\"cs\"><\/span><\/p>\n<p><img loading=\"lazy\" class=\"size-full wp-image-966 aligncenter\" src=\"http:\/\/www.dynatherm.cz\/wp-content\/uploads\/2018\/05\/inst09.jpg\" alt=\"postup instalace 9\" width=\"268\" height=\"200\" \/><\/p>\n<\/div><\/section><\/div><\/div><!--close column table wrapper. Autoclose: 1 --><section class=\"av_textblock_section \"  itemscope=\"itemscope\" itemtype=\"https:\/\/schema.org\/CreativeWork\" ><div class='avia_textblock  av_inherit_color '  style='color:#7f7f7f; '  itemprop=\"text\" ><p>10 &#8211; Na z\u00e1v\u011br p\u0159ipoj\u00edme termostat<span id=\"result_box\" class=\"\" lang=\"cs\"><\/span><span id=\"result_box\" class=\"\" lang=\"cs\"><\/span><\/p>\n<\/div><\/section>\n\n<\/div><\/div><\/div><!-- close content main div --><\/div><\/div><\/div><div id='av_section_2' class='avia-section main_color avia-section-small avia-no-shadow av-section-color-overlay-active avia-bg-style-scroll   container_wrap fullsize'   ><div class='av-section-color-overlay-wrap'><div class='av-section-color-overlay' style='opacity: 0.3; background-image: url(http:\/\/www.dynatherm.cz\/wp-content\/uploads\/2018\/03\/podklad02.jpg); background-repeat: repeat;'><\/div><div class='container' ><div class='template-page content  av-content-full alpha units'><div class='post-entry post-entry-type-page post-entry-923'><div class='entry-content-wrapper clearfix'>\n<div class='flex_column_table av-equal-height-column-flextable -flextable' ><div class=\"flex_column av_one_half  no_margin flex_column_table_cell av-equal-height-column av-align-top first  \" style='padding:20px; border-radius:0px; '><section class=\"av_textblock_section \"  itemscope=\"itemscope\" itemtype=\"https:\/\/schema.org\/CreativeWork\" ><div class='avia_textblock  '   itemprop=\"text\" ><h3>N\u00e1vod na instalaci Dynatherm &#8211; plo\u0161n\u00fdch topn\u00fdch syst\u00e9m\u016f<\/h3>\n<ol>\n<li>DYNATHERM Plo\u0161n\u00e9 topn\u00e9 elementy se po p\u0159ipojen\u00ed elektrick\u00fdch kabel\u016f st\u00e1vaj\u00ed elektrick\u00fdmi p\u0159\u00edstroji a spadaj\u00ed do oblasti VDE 0100 a jim odpov\u00eddaj\u00edc\u00edm ochrann\u00fdm opat\u0159en\u00edm.<\/li>\n<li>Kontrola dodan\u00e9ho zbo\u017e\u00ed v rol\u00edch s ohledem na mo\u017en\u00e9 mechanick\u00e9 po\u0161kozen\u00ed (nap\u0159. p\u0159i transportu).<\/li>\n<li>V\u00fdb\u011br vhodn\u00e9ho typu f\u00f3lie dle pou\u017eit\u00ed ( akumula\u010dn\u00ed, p\u0159\u00edmotopn\u00e9 ) a skladby podlahy (stropu).<\/li>\n<li>Dle prostorov\u00e9 geometrie nebo pl\u00e1nu odst\u0159ihnout a rozlo\u017eit jednotliv\u00e9 p\u00e1sy topn\u00e9 f\u00f3lie. Dodr\u017eet instalovan\u00fd v\u00fdkon podle v\u00fdpo\u010dtu tepeln\u00fdch hodnot.<\/li>\n<li>F\u00f3lii st\u0159\u00edhat mezi jednotliv\u00fdmi poli (na 1 m f\u00f3lie p\u0159ipadaj\u00ed 3 pole). Jestli\u017ee je nutn\u00e9 f\u00f3lii p\u0159est\u0159ihnout na jin\u00e9m m\u00edst\u011b, pak v\u017edy uprost\u0159ed mezi jednotliv\u00fdmi topn\u00fdmi prou\u017eky.<\/li>\n<li>P\u0159ipravit p\u0159ipojen\u00ed kabel\u016f. Polo\u017eit kabel dle pl\u00e1nu nebo prostorov\u00e9 geometrie. D\u00e9lka kabel\u016f mus\u00ed b\u00fdt nam\u011b\u0159ena tak, aby byl kabel bez p\u0159eru\u0161en\u00ed vyveden do sb\u011brnice. Pou\u017e\u00edvat pouze kabel s dvojitou izolac\u00ed (TTWA 0,2) 1,5 mm. Pro rozli\u0161en\u00ed pou\u017e\u00edt kabel \u010dern\u00fd a modr\u00fd.<\/li>\n<li>V m\u00edst\u011b, kde na f\u00f3lii bude p\u0159ipevn\u011bn kabel, zam\u00e1\u010dknout propojovac\u00ed spojku do st\u0159\u00edbrno-m\u011bd\u011bn\u00e9ho vodi\u010de (p\u00e1sku).<\/li>\n<li>Odizolovat kabel, prostr\u010dit do propojovac\u00ed spojky a zam\u00e1\u010dknout kle\u0161t\u011bmi.<\/li>\n<li>Zaizolovat p\u0159\u00edvody kabel\u016f izola\u010dn\u00ed p\u00e1skou DynaTherm.<\/li>\n<li>Z\u00e1rove\u0148 zaizolovat konec odst\u0159i\u017een\u00e9ho vodi\u010de na druh\u00e9 stran\u011b p\u00e1su.<\/li>\n<li>Vyhotovit zku\u0161ebn\u00ed protokol. P\u0159ezkou\u0161et pr\u016fchod a v\u00fdkon jednotliv\u00fdch topn\u00fdch p\u00e1s\u016f (m\u011b\u0159en\u00ed v\u00fdkonu pod nap\u011bt\u00edm).<\/li>\n<li>Ozna\u010dit jednotliv\u00e9 topn\u00e9 p\u00e1sy samolep\u00edc\u00ed etiketou, na kter\u00e9 bude uvedena d\u00e9lka, v\u00fdkon a um\u00edst\u011bn\u00ed dle projektu.<\/li>\n<li>Pokud nedoch\u00e1z\u00ed k pokl\u00e1dce na m\u00edst\u011b a p\u0159ipraven\u00e1 f\u00f3lie bude p\u0159en\u00e1\u0161ena jinam, je pot\u0159eba p\u0159i jej\u00edm rolov\u00e1n\u00ed dodr\u017eet minim\u00e1ln\u00ed polom\u011br ohybu 40 mm.<\/li>\n<li>Pro instalaci pou\u017e\u00edvat pouze izola\u010dn\u00ed materi\u00e1l a n\u00e1\u0159ad\u00ed schv\u00e1len\u00e9 spole\u010dnost\u00ed DynaTherm.<\/li>\n<\/ol>\n<\/div><\/section><\/div><\/div><!--close column table wrapper. Autoclose: 1 --><div class='flex_column_table av-equal-height-column-flextable -flextable' ><div class=\"flex_column av_one_half  no_margin flex_column_table_cell av-equal-height-column av-align-top   \" style='padding:20px; border-radius:0px; '><section class=\"av_textblock_section \"  itemscope=\"itemscope\" itemtype=\"https:\/\/schema.org\/CreativeWork\" ><div class='avia_textblock  '   itemprop=\"text\" ><h3>N\u00e1vod na instalaci Dynatherm &#8211; plo\u0161n\u00fdch topn\u00fdch syst\u00e9m\u016f v podlaze<\/h3>\n<ol>\n<li>Hrub\u00e1 stavba, instala\u010dn\u00ed a om\u00edtk\u00e1\u0159sk\u00e9 pr\u00e1ce mus\u00ed b\u00fdt ukon\u010deny, okna a dve\u0159e osazeny, stropy a podlahy such\u00e9 a zameten\u00e9.<\/li>\n<li>V\u0161echny rozvody, trubice, z\u00e1suvky a rozvodov\u00e9 krabice, svorkovnice a regul\u00e1tor jsou instalov\u00e1ny.<\/li>\n<li>Ochranu tvo\u0159\u00ed proudov\u00fd chr\u00e1ni\u010d.(FI)<\/li>\n<li>V prvn\u00edm podla\u017e\u00ed prov\u00e9st izolaci proti vzl\u00ednaj\u00edc\u00ed vlhkosti pod tepelnou izolac\u00ed a izolac\u00ed kro\u010dejov\u00e9ho hluku.<\/li>\n<li>Instalovat dilata\u010dn\u00ed p\u00e1sy, tepelnou izolaci a p\u0159\u00edpadn\u011b izolaci kro\u010dejov\u00e9ho hluku.<\/li>\n<li>Topn\u00e9 p\u00e1sy rozlo\u017eit podle pl\u00e1nu, ani\u017e by se p\u0159ekr\u00fdvaly a zajistit je lep\u00edc\u00ed p\u00e1skou.<\/li>\n<li>Kabely bez p\u0159eru\u0161en\u00ed zav\u00e9st do instala\u010dn\u00ed krabice, odizolovat, ozna\u010dit a p\u0159ipojit do krabice. V\u0161echny p\u0159ipojen\u00e9 \u010d\u00e1sti mus\u00ed b\u00fdt bezchybn\u011b ozna\u010deny.<\/li>\n<li>Topn\u00e9 p\u00e1sy okam\u017eit\u011b po polo\u017een\u00ed a zapojen\u00ed p\u0159ekr\u00fdt PE f\u00f3li\u00ed (Gefitas FE 150). Ochranou PE f\u00f3lii polo\u017eit s dostate\u010dn\u00fdm p\u0159esahem a u zd\u00ed vyt\u00e1hnout p\u0159es dilata\u010dn\u00ed p\u00e1s.<\/li>\n<li>Vyhotovit zku\u0161ebn\u00ed protokol. P\u0159ezkou\u0161et jednotliv\u00e9 topn\u00e9 p\u00e1sy na pr\u016fchod a v\u00fdkon (m\u011b\u0159en\u00ed v\u00fdkonu pod nap\u011bt\u00edm).<\/li>\n<li>P\u0159edem p\u0159ipravenou ochrannou trubic\u00ed (hus\u00ed krk, chr\u00e1ni\u010dka) prot\u00e1hnout podlahov\u00e9 \u010didlo a konec zaslepit tak, aby byl chr\u00e1n\u011bn senzor p\u0159ed vniknut\u00edm podlahov\u00e9 sm\u011bsi p\u0159i vlastn\u00ed pokl\u00e1dce podlahy.<\/li>\n<li>Polo\u017eit podlah\u00e1\u0159skou armovac\u00ed s\u00ed\u0165 na vyrovn\u00e1n\u00ed potenci\u00e1lu a uzemnit ji.<\/li>\n<li>Nan\u00e9st podlahovou sm\u011bs. Db\u00e1t na to, aby p\u0159i pokl\u00e1dce podlahy nebyla pou\u017eita \u017e\u00e1dn\u00e1 vibrovac\u00ed technika. Chr\u00e1nit f\u00f3lii p\u0159ed prora\u017een\u00edm nebo pro\u0161l\u00e1pnut\u00edm.<\/li>\n<li>Namontovat a odzkou\u0161et temostaty.<\/li>\n<li>Zkoordinovat prvn\u00ed nat\u00e1p\u011bn\u00ed s podlah\u00e1\u0159em a stavitelem tak, aby nedo\u0161lo k po\u0161kozen\u00ed podlahov\u00e9 sm\u011bsi (pozvoln\u00e9 nat\u00e1p\u011bn\u00ed podle typu podlahov\u00e9 sm\u011bsi).<\/li>\n<li>Sezn\u00e1mit u\u017eivatele s obsluhou, p\u0159edat n\u00e1vod a pl\u00e1n pokl\u00e1dky. V hlavn\u00edm rozvad\u011b\u010di ozna\u010dit topn\u00fd syst\u00e9m.<\/li>\n<\/ol>\n<\/div><\/section><\/div><\/div><!--close column table wrapper. Autoclose: 1 -->\n\n<\/div><\/div><\/div><!-- close content main div --><\/div><\/div><\/div><div id='av_section_3' class='avia-section main_color avia-section-small avia-no-shadow av-section-color-overlay-active avia-bg-style-scroll   container_wrap fullsize'   ><div class='av-section-color-overlay-wrap'><div class='av-section-color-overlay' style='opacity: 1; background-color: #545454; '><\/div><div class='container' ><div class='template-page content  av-content-full alpha units'><div class='post-entry post-entry-type-page post-entry-923'><div class='entry-content-wrapper clearfix'>\n<div class='flex_column_table av-equal-height-column-flextable -flextable' ><div class=\"flex_column av_two_fifth  no_margin flex_column_table_cell av-equal-height-column av-align-top first  \" style='padding:20px; border-radius:0px; '><section class=\"av_textblock_section \"  itemscope=\"itemscope\" itemtype=\"https:\/\/schema.org\/CreativeWork\" ><div class='avia_textblock  '   itemprop=\"text\" ><p><img loading=\"lazy\" class=\"alignnone size-full wp-image-926\" src=\"http:\/\/www.dynatherm.cz\/wp-content\/uploads\/2018\/05\/priklad-instalace.jpg\" alt=\"p\u0159\u00edklad instalace\" width=\"420\" height=\"371\" srcset=\"http:\/\/dynatherm.cz\/wp-content\/uploads\/2018\/05\/priklad-instalace.jpg 420w, http:\/\/dynatherm.cz\/wp-content\/uploads\/2018\/05\/priklad-instalace-300x265.jpg 300w\" sizes=\"(max-width: 420px) 100vw, 420px\" \/><\/p>\n<\/div><\/section><\/div><\/div><!--close column table wrapper. Autoclose: 1 --><div class='flex_column_table av-equal-height-column-flextable -flextable' ><div class=\"flex_column av_three_fifth  no_margin flex_column_table_cell av-equal-height-column av-align-top   \" style='padding:20px; border-radius:0px; '><section class=\"av_textblock_section \"  itemscope=\"itemscope\" itemtype=\"https:\/\/schema.org\/CreativeWork\" ><div class='avia_textblock  '  style='font-size:14px; '  itemprop=\"text\" ><div class=\"text cf design-01\">\n<h3>P\u0159\u00edklady instalace Dynafloor<\/h3>\n<p>V\u0161echny kabely, kter\u00e9 jsou p\u0159ipojeny na vodi\u010de topn\u00e9 f\u00f3lie Dynatherm, jsou p\u0159ivedeny do sb\u011brnice, odkud jsou spojeny s termostatem. M\u00edsto spojen\u00ed kabelu s topnou f\u00f3li\u00ed je zabezpe\u010deno speci\u00e1ln\u00edm izola\u010dn\u00edm materi\u00e1lem.<\/p>\n<p>Instalace Dynatherm Plo\u0161n\u00fdch topn\u00fdch syst\u00e9m\u016f se \u0159\u00edd\u00ed p\u0159\u00edsn\u00fdmi mont\u00e1\u017en\u00edmi pokyny, z kter\u00fdch je patrn\u00e9 um\u00edst\u011bn\u00ed topn\u00fdch p\u00e1s\u016f, teplotn\u00edho \u010didla a sb\u011brnice. D\u00e1le je zaneseno do protokolu odzkou\u0161en\u00ed jednotliv\u00fdch topn\u00fdch p\u00e1s\u016f.<\/p>\n<\/div>\n<\/div><\/section><\/div><\/div><!--close column table wrapper. Autoclose: 1 -->\n\n<\/div><\/div><\/div><!-- close content main div --><\/div><\/div><\/div><div id='av_section_4' class='avia-section main_color avia-section-small avia-no-shadow av-section-color-overlay-active avia-bg-style-scroll   container_wrap fullsize'   ><div class='av-section-color-overlay-wrap'><div class='av-section-color-overlay' style='opacity: 1; background-color: #020202; '><\/div><div class='container' ><div class='template-page content  av-content-full alpha units'><div class='post-entry post-entry-type-page post-entry-923'><div class='entry-content-wrapper clearfix'>\n<div class='flex_column_table av-equal-height-column-flextable -flextable' ><div class=\"flex_column av_one_fifth  no_margin flex_column_table_cell av-equal-height-column av-align-top first  \" style='padding:20px; border-radius:0px; '><\/div><\/div><!--close column table wrapper. Autoclose: 1 --><div class='flex_column_table av-equal-height-column-flextable -flextable' ><div class=\"flex_column av_three_fifth  no_margin flex_column_table_cell av-equal-height-column av-align-top   \" style='padding:20px; border-radius:0px; '><form action=\"http:\/\/dynatherm.cz\/?page_id=923\" method=\"post\"  class=\"avia_ajax_form av-form-labels-visible    \" data-avia-form-id=\"1\" data-avia-redirect=''><fieldset><h3>Cenov\u00e1 kalkulace Dynatherm:<\/h3><p class=' first_form  form_element form_element_third' id='element_avia_1_1'><label for=\"avia_1_1\">Va\u0161e jm\u00e9no<\/label> <input name=\"avia_1_1\" class=\"text_input \" type=\"text\" id=\"avia_1_1\" value=\"\" \/><\/p><p class=' form_element form_element_third' id='element_avia_2_1'><label for=\"avia_2_1\">E-Mail <abbr class=\"required\" title=\"required\">*<\/abbr><\/label> <input name=\"avia_2_1\" class=\"text_input is_email\" type=\"text\" id=\"avia_2_1\" value=\"\" \/><\/p><p class=' form_element form_element_third' id='element_avia_3_1'><label for=\"avia_3_1\">Telefon <abbr class=\"required\" title=\"required\">*<\/abbr><\/label> <input name=\"avia_3_1\" class=\"text_input is_phone\" type=\"text\" id=\"avia_3_1\" value=\"\" \/><\/p><p class=' first_form  form_element form_element_fourth' id='element_avia_4_1'><label for=\"avia_4_1\">V\u00fdm\u011bra podlahy v m2<\/label> <input name=\"avia_4_1\" class=\"text_input \" type=\"text\" id=\"avia_4_1\" value=\"\" \/><\/p><p class=' form_element form_element_three_fourth av-last-visible-form-element' id='element_avia_5_1'>\t <label for=\"avia_5_1\" class=\"textare_label hidden textare_label_avia_5_1\">Dopl\u0148uj\u00edc\u00ed informace<\/label>\t <textarea  name=\"avia_5_1\" class=\"text_area \" cols=\"40\" rows=\"7\" id=\"avia_5_1\" ><\/textarea><\/p><p class=\"hidden\"><input type=\"text\" name=\"avia_6_1\" class=\"hidden \" id=\"avia_6_1\" value=\"\" \/><\/p><p class=\"form_element \"><input type=\"hidden\" value=\"1\" name=\"avia_generated_form1\" \/><input type=\"submit\" value=\"Odeslat\" class=\"button\"  data-sending-label=\"Sending\"\/><\/p><\/fieldset><\/form><div id=\"ajaxresponse_1\" class=\"ajaxresponse ajaxresponse_1 hidden\"><\/div><\/div><\/div><!--close column table wrapper. Autoclose: 1 --><div class='flex_column_table av-equal-height-column-flextable -flextable' ><div class=\"flex_column av_one_fifth  no_margin flex_column_table_cell av-equal-height-column av-align-top   \" style='padding:20px; border-radius:0px; '><\/div><\/div><!--close column table wrapper. Autoclose: 1 -->\n\n","protected":false},"excerpt":{"rendered":"","protected":false},"author":1,"featured_media":0,"parent":0,"menu_order":0,"comment_status":"closed","ping_status":"closed","template":"","meta":[],"_links":{"self":[{"href":"http:\/\/dynatherm.cz\/index.php?rest_route=\/wp\/v2\/pages\/923"}],"collection":[{"href":"http:\/\/dynatherm.cz\/index.php?rest_route=\/wp\/v2\/pages"}],"about":[{"href":"http:\/\/dynatherm.cz\/index.php?rest_route=\/wp\/v2\/types\/page"}],"author":[{"embeddable":true,"href":"http:\/\/dynatherm.cz\/index.php?rest_route=\/wp\/v2\/users\/1"}],"replies":[{"embeddable":true,"href":"http:\/\/dynatherm.cz\/index.php?rest_route=%2Fwp%2Fv2%2Fcomments&post=923"}],"version-history":[{"count":7,"href":"http:\/\/dynatherm.cz\/index.php?rest_route=\/wp\/v2\/pages\/923\/revisions"}],"predecessor-version":[{"id":986,"href":"http:\/\/dynatherm.cz\/index.php?rest_route=\/wp\/v2\/pages\/923\/revisions\/986"}],"wp:attachment":[{"href":"http:\/\/dynatherm.cz\/index.php?rest_route=%2Fwp%2Fv2%2Fmedia&parent=923"}],"curies":[{"name":"wp","href":"https:\/\/api.w.org\/{rel}","templated":true}]}}